{"id":516,"date":"2020-09-10T15:42:37","date_gmt":"2020-09-10T15:42:37","guid":{"rendered":"https:\/\/andenweine.de\/weinguru\/?page_id=516"},"modified":"2021-01-14T17:01:06","modified_gmt":"2021-01-14T17:01:06","slug":"wein-guru","status":"publish","type":"page","link":"https:\/\/andenweine.de\/weinguru\/wein-guru\/","title":{"rendered":"Wein Guru"},"content":{"rendered":"<p>[et_pb_section fb_built=&#8220;1&#8243; make_equal=&#8220;on&#8220; use_custom_gutter=&#8220;on&#8220; gutter_width=&#8220;1&#8243; specialty=&#8220;on&#8220; background_color_2=&#8220;#ffffff&#8220; bg_img_1=&#8220;https:\/\/andenweine.de\/weinguru\/wp-content\/uploads\/2020\/08\/weine-background-scaled.jpg&#8220; admin_label=&#8220;Header&#8220; _builder_version=&#8220;4.8.0&#8243; use_background_color_gradient=&#8220;on&#8220; background_color_gradient_start=&#8220;#002d4c&#8220; background_color_gradient_end=&#8220;#ffffff&#8220; background_color_gradient_start_position=&#8220;50%&#8220; background_color_gradient_end_position=&#8220;0%&#8220; custom_padding=&#8220;0px||0px|||&#8220; animation_style=&#8220;fade&#8220; hover_enabled=&#8220;0&#8243; sticky_enabled=&#8220;0&#8243; background_color_gradient_direction=&#8220;90deg&#8220; da_is_popup=&#8220;off&#8220; da_exit_intent=&#8220;off&#8220; da_has_close=&#8220;on&#8220; da_alt_close=&#8220;off&#8220; da_dark_close=&#8220;off&#8220; da_not_modal=&#8220;on&#8220; da_is_singular=&#8220;off&#8220; da_with_loader=&#8220;off&#8220; da_has_shadow=&#8220;on&#8220; da_disable_devices=&#8220;off|off|off&#8220;][et_pb_column type=&#8220;1_3&#8243; _builder_version=&#8220;3.25&#8243; custom_padding=&#8220;|||&#8220; custom_padding__hover=&#8220;|||&#8220;][et_pb_divider show_divider=&#8220;off&#8220; _builder_version=&#8220;4.0.8&#8243; height=&#8220;0px&#8220; height_tablet=&#8220;20vw&#8220; height_phone=&#8220;20vw&#8220; height_last_edited=&#8220;on|phone&#8220;][\/et_pb_divider][\/et_pb_column][et_pb_column type=&#8220;2_3&#8243; specialty_columns=&#8220;2&#8243; _builder_version=&#8220;3.25&#8243; custom_padding=&#8220;|||&#8220; custom_padding__hover=&#8220;|||&#8220;][et_pb_row_inner custom_padding_last_edited=&#8220;on|tablet&#8220; _builder_version=&#8220;4.0.8&#8243; z_index=&#8220;10&#8243; custom_padding=&#8220;0vw|60px|0vw|60px|true|true&#8220; custom_padding_tablet=&#8220;|40px|8vw|40px|false|true&#8220; custom_padding_phone=&#8220;|20px||20px|false|true&#8220; box_shadow_style=&#8220;preset4&#8243; box_shadow_horizontal=&#8220;30vw&#8220; box_shadow_vertical=&#8220;0px&#8220; box_shadow_color=&#8220;#ffffff&#8220;][et_pb_column_inner saved_specialty_column_type=&#8220;2_3&#8243; _builder_version=&#8220;4.0.7&#8243;][et_pb_text _builder_version=&#8220;4.0.8&#8243; text_font=&#8220;Cabin||||||||&#8220; text_text_color=&#8220;rgba(85,101,112,0.8)&#8220; text_font_size=&#8220;16px&#8220; text_line_height=&#8220;1.8em&#8220; header_font=&#8220;Playfair Display|700|||||||&#8220; header_text_color=&#8220;#002d4c&#8220; header_font_size=&#8220;66px&#8220; header_line_height=&#8220;1.1em&#8220; header_3_font=&#8220;Cabin|700||on|||||&#8220; header_3_text_color=&#8220;#bd8f52&#8243; header_3_font_size=&#8220;13px&#8220; header_3_letter_spacing=&#8220;3px&#8220; header_3_line_height=&#8220;1.4em&#8220; max_width=&#8220;36vw&#8220; max_width_tablet=&#8220;90%&#8220; max_width_phone=&#8220;100%&#8220; max_width_last_edited=&#8220;on|tablet&#8220; custom_margin=&#8220;||||false|false&#8220; text_font_size_tablet=&#8220;15px&#8220; text_font_size_phone=&#8220;14px&#8220; text_font_size_last_edited=&#8220;on|phone&#8220; header_font_size_tablet=&#8220;52px&#8220; header_font_size_phone=&#8220;38px&#8220; header_font_size_last_edited=&#8220;on|desktop&#8220; locked=&#8220;off&#8220;]<\/p>\n<h3>Blog<\/h3>\n<h1>Der Rat unseres Wein-Guru \/\/<\/h1>\n<p>[\/et_pb_text][\/et_pb_column_inner][\/et_pb_row_inner][\/et_pb_column][\/et_pb_section][et_pb_section fb_built=&#8220;1&#8243; admin_label=&#8220;Blog&#8220; _builder_version=&#8220;4.0.8&#8243; use_background_color_gradient=&#8220;on&#8220; background_color_gradient_start=&#8220;#f6f7f8&#8243; background_color_gradient_end=&#8220;#ffffff&#8220; background_color_gradient_direction=&#8220;90deg&#8220; background_color_gradient_start_position=&#8220;50%&#8220; background_color_gradient_end_position=&#8220;50%&#8220; custom_padding=&#8220;||||false|false&#8220; hover_enabled=&#8220;0&#8243; background_last_edited=&#8220;on|phone&#8220; background_color_gradient_start_position_tablet=&#8220;75%&#8220; background_color_gradient_start_position_phone=&#8220;80%&#8220; locked=&#8220;off&#8220; sticky_enabled=&#8220;0&#8243; da_is_popup=&#8220;off&#8220; da_exit_intent=&#8220;off&#8220; da_has_close=&#8220;on&#8220; da_alt_close=&#8220;off&#8220; da_dark_close=&#8220;off&#8220; da_not_modal=&#8220;on&#8220; da_is_singular=&#8220;off&#8220; da_with_loader=&#8220;off&#8220; da_has_shadow=&#8220;on&#8220; da_disable_devices=&#8220;off|off|off&#8220;][et_pb_row _builder_version=&#8220;4.0.7&#8243;][et_pb_column type=&#8220;4_4&#8243; _builder_version=&#8220;4.0.7&#8243;][et_pb_blog fullwidth=&#8220;off&#8220; posts_number=&#8220;9&#8243; include_categories=&#8220;2&#8243; show_author=&#8220;off&#8220; show_categories=&#8220;off&#8220; _builder_version=&#8220;4.6.1&#8243; header_font=&#8220;Playfair Display|700|||||||&#8220; header_text_color=&#8220;#002d4c&#8220; header_line_height=&#8220;1.4em&#8220; body_font=&#8220;Cabin||||||||&#8220; body_text_color=&#8220;rgba(85,101,112,0.8)&#8220; body_line_height=&#8220;1.8em&#8220; meta_font=&#8220;Cabin|700||on|||||&#8220; meta_text_color=&#8220;#bd8f52&#8243; meta_font_size=&#8220;11px&#8220; meta_letter_spacing=&#8220;2px&#8220; pagination_font=&#8220;Cabin|700||on|||||&#8220; pagination_text_color=&#8220;#bd8f52&#8243; pagination_letter_spacing=&#8220;1px&#8220; animation_style=&#8220;fade&#8220; animation_duration=&#8220;600ms&#8220; body_font_size_tablet=&#8220;15px&#8220; body_font_size_phone=&#8220;14px&#8220; body_font_size_last_edited=&#8220;off|desktop&#8220; custom_css_featured_image=&#8220;margin: -40px 0 0;&#8220; border_width_all=&#8220;0px&#8220; box_shadow_style_image=&#8220;preset3&#8243; box_shadow_vertical_image=&#8220;40px&#8220; box_shadow_blur_image=&#8220;80px&#8220; box_shadow_spread_image=&#8220;-10px&#8220; box_shadow_color_image=&#8220;rgba(85,101,112,0.47)&#8220; body_text_color__hover=&#8220;#ffffff&#8220; body_text_color__hover_enabled=&#8220;off|desktop&#8220;][\/et_pb_blog][\/et_pb_column][\/et_pb_row][\/et_pb_section]<\/p>\n","protected":false},"excerpt":{"rendered":"<p>Blog Der Rat unseres Wein-Guru \/\/<\/p>\n","protected":false},"author":1,"featured_media":0,"parent":0,"menu_order":0,"comment_status":"closed","ping_status":"closed","template":"","meta":{"_et_pb_use_builder":"on","_et_pb_old_content":"<!-- wp:paragraph -->\n<p>Esta es una p\u00e1gina de ejemplo. Es diferente a una entrada del blog porque permanecer\u00e1 en un solo lugar y aparecer\u00e1 en la navegaci\u00f3n de tu sitio (en la mayor\u00eda de los temas). La mayor\u00eda de las personas comienzan con una p\u00e1gina \u00abAcerca de\u00bb que les presenta a los visitantes potenciales del sitio. Podr\u00edas decir algo as\u00ed:<\/p>\n<!-- \/wp:paragraph -->\n\n<!-- wp:quote -->\n<blockquote class=\"wp-block-quote\"><p>\u00a1Bienvenido! Soy camarero de d\u00eda, aspirante a actor de noche y esta es mi web. Vivo en Mairena del Alcor, tengo un perro que se llama Firulais y me gusta el rebujito. (Y las tardes largas con caf\u00e9).<\/p><\/blockquote>\n<!-- \/wp:quote -->\n\n<!-- wp:paragraph -->\n<p>\u2026o algo as\u00ed:<\/p>\n<!-- \/wp:paragraph -->\n\n<!-- wp:quote -->\n<blockquote class=\"wp-block-quote\"><p>La empresa \u00abMariscos Recio\u00bb fue fundada por Antonio Recio Mata. Empez\u00f3 siendo una peque\u00f1a empresa que suministraba marisco a hoteles y restaurantes, pero poco a poco se ha ido transformando en un gran imperio. Mariscos Recio, el mar al mejor precio.<\/p><\/blockquote>\n<!-- \/wp:quote -->\n\n<!-- wp:paragraph -->\n<p>Como nuevo usuario de WordPress, deber\u00edas ir a <a href=\"https:\/\/andenweine.de\/weinguru\/wp-admin\/\">tu escritorio<\/a> para borrar esta p\u00e1gina y crear nuevas p\u00e1ginas para tu contenido. \u00a1P\u00e1salo bien!<\/p>\n<!-- \/wp:paragraph -->","_et_gb_content_width":""},"_links":{"self":[{"href":"https:\/\/andenweine.de\/weinguru\/wp-json\/wp\/v2\/pages\/516"}],"collection":[{"href":"https:\/\/andenweine.de\/weinguru\/wp-json\/wp\/v2\/pages"}],"about":[{"href":"https:\/\/andenweine.de\/weinguru\/wp-json\/wp\/v2\/types\/page"}],"author":[{"embeddable":true,"href":"https:\/\/andenweine.de\/weinguru\/wp-json\/wp\/v2\/users\/1"}],"replies":[{"embeddable":true,"href":"https:\/\/andenweine.de\/weinguru\/wp-json\/wp\/v2\/comments?post=516"}],"version-history":[{"count":6,"href":"https:\/\/andenweine.de\/weinguru\/wp-json\/wp\/v2\/pages\/516\/revisions"}],"predecessor-version":[{"id":1075,"href":"https:\/\/andenweine.de\/weinguru\/wp-json\/wp\/v2\/pages\/516\/revisions\/1075"}],"wp:attachment":[{"href":"https:\/\/andenweine.de\/weinguru\/wp-json\/wp\/v2\/media?parent=516"}],"curies":[{"name":"wp","href":"https:\/\/api.w.org\/{rel}","templated":true}]}}