{"id":265,"date":"2020-08-26T13:19:27","date_gmt":"2020-08-26T13:19:27","guid":{"rendered":"https:\/\/andenweine.de\/weinguru\/?page_id=265"},"modified":"2021-04-06T10:02:30","modified_gmt":"2021-04-06T10:02:30","slug":"guru-del-vino","status":"publish","type":"page","link":"https:\/\/andenweine.de\/weinguru\/es\/guru-del-vino\/","title":{"rendered":"Gur\u00fa del vino"},"content":{"rendered":"<p>[et_pb_section fb_built=\u00bb1&#8243; make_equal=\u00bbon\u00bb use_custom_gutter=\u00bbon\u00bb gutter_width=\u00bb1&#8243; specialty=\u00bbon\u00bb background_color_2=\u00bb#ffffff\u00bb bg_img_1=\u00bbhttps:\/\/andenweine.de\/weinguru\/wp-content\/uploads\/2020\/08\/weine-background-scaled.jpg\u00bb admin_label=\u00bbHeader\u00bb _builder_version=\u00bb4.5.6&#8243; use_background_color_gradient=\u00bbon\u00bb background_color_gradient_start=\u00bb#002d4c\u00bb background_color_gradient_end=\u00bb#ffffff\u00bb background_color_gradient_start_position=\u00bb50%\u00bb background_color_gradient_end_position=\u00bb0%\u00bb custom_padding=\u00bb0px||0px|||\u00bb da_disable_devices=\u00bboff|off|off\u00bb da_is_popup=\u00bboff\u00bb da_exit_intent=\u00bboff\u00bb da_has_close=\u00bbon\u00bb da_alt_close=\u00bboff\u00bb da_dark_close=\u00bboff\u00bb da_not_modal=\u00bbon\u00bb da_is_singular=\u00bboff\u00bb da_with_loader=\u00bboff\u00bb da_has_shadow=\u00bbon\u00bb][et_pb_column type=\u00bb1_3&#8243; _builder_version=\u00bb3.25&#8243; custom_padding=\u00bb|||\u00bb custom_padding__hover=\u00bb|||\u00bb][et_pb_divider show_divider=\u00bboff\u00bb _builder_version=\u00bb4.0.8&#8243; height=\u00bb0px\u00bb height_tablet=\u00bb20vw\u00bb height_phone=\u00bb20vw\u00bb height_last_edited=\u00bbon|phone\u00bb][\/et_pb_divider][\/et_pb_column][et_pb_column type=\u00bb2_3&#8243; specialty_columns=\u00bb2&#8243; _builder_version=\u00bb3.25&#8243; custom_padding=\u00bb|||\u00bb custom_padding__hover=\u00bb|||\u00bb][et_pb_row_inner custom_padding_last_edited=\u00bbon|tablet\u00bb _builder_version=\u00bb4.0.8&#8243; z_index=\u00bb10&#8243; custom_padding=\u00bb0vw|60px|0vw|60px|true|true\u00bb custom_padding_tablet=\u00bb|40px|8vw|40px|false|true\u00bb custom_padding_phone=\u00bb|20px||20px|false|true\u00bb box_shadow_style=\u00bbpreset4&#8243; box_shadow_horizontal=\u00bb30vw\u00bb box_shadow_vertical=\u00bb0px\u00bb box_shadow_color=\u00bb#ffffff\u00bb][et_pb_column_inner saved_specialty_column_type=\u00bb2_3&#8243; _builder_version=\u00bb4.0.7&#8243;][et_pb_text _builder_version=\u00bb4.5.8&#8243; text_font=\u00bbCabin||||||||\u00bb text_text_color=\u00bbrgba(85,101,112,0.8)\u00bb text_font_size=\u00bb16px\u00bb text_line_height=\u00bb1.8em\u00bb header_font=\u00bbPlayfair Display|700|||||||\u00bb header_text_color=\u00bb#002d4c\u00bb header_font_size=\u00bb66px\u00bb header_line_height=\u00bb1.1em\u00bb header_3_font=\u00bbCabin|700||on|||||\u00bb header_3_text_color=\u00bb#bd8f52&#8243; header_3_font_size=\u00bb13px\u00bb header_3_letter_spacing=\u00bb3px\u00bb header_3_line_height=\u00bb1.4em\u00bb max_width=\u00bb36vw\u00bb max_width_tablet=\u00bb90%\u00bb max_width_phone=\u00bb100%\u00bb max_width_last_edited=\u00bbon|tablet\u00bb custom_margin=\u00bb||||false|false\u00bb text_font_size_tablet=\u00bb15px\u00bb text_font_size_phone=\u00bb14px\u00bb text_font_size_last_edited=\u00bbon|phone\u00bb header_font_size_tablet=\u00bb52px\u00bb header_font_size_phone=\u00bb38px\u00bb header_font_size_last_edited=\u00bbon|desktop\u00bb locked=\u00bboff\u00bb]<\/p>\n<h3>Blog<\/h3>\n<h1>Consejos de la Gur\u00fa del Vino \/\/<\/h1>\n<p>[\/et_pb_text][\/et_pb_column_inner][\/et_pb_row_inner][\/et_pb_column][\/et_pb_section][et_pb_section fb_built=\u00bb1&#8243; admin_label=\u00bbBlog\u00bb _builder_version=\u00bb4.0.8&#8243; use_background_color_gradient=\u00bbon\u00bb background_color_gradient_start=\u00bb#f6f7f8&#8243; background_color_gradient_end=\u00bb#ffffff\u00bb background_color_gradient_direction=\u00bb90deg\u00bb background_color_gradient_start_position=\u00bb50%\u00bb background_color_gradient_end_position=\u00bb50%\u00bb custom_padding=\u00bb||||false|false\u00bb background_last_edited=\u00bbon|phone\u00bb background_color_gradient_start_position_tablet=\u00bb75%\u00bb background_color_gradient_start_position_phone=\u00bb80%\u00bb da_disable_devices=\u00bboff|off|off\u00bb locked=\u00bboff\u00bb da_is_popup=\u00bboff\u00bb da_exit_intent=\u00bboff\u00bb da_has_close=\u00bbon\u00bb da_alt_close=\u00bboff\u00bb da_dark_close=\u00bboff\u00bb da_not_modal=\u00bbon\u00bb da_is_singular=\u00bboff\u00bb da_with_loader=\u00bboff\u00bb da_has_shadow=\u00bbon\u00bb][et_pb_row _builder_version=\u00bb4.0.7&#8243;][et_pb_column type=\u00bb4_4&#8243; _builder_version=\u00bb4.0.7&#8243;][et_pb_blog fullwidth=\u00bboff\u00bb posts_number=\u00bb9&#8243; include_categories=\u00bb2&#8243; show_author=\u00bboff\u00bb show_categories=\u00bboff\u00bb _builder_version=\u00bb4.5.6&#8243; header_font=\u00bbPlayfair Display|700|||||||\u00bb header_text_color=\u00bb#002d4c\u00bb header_line_height=\u00bb1.4em\u00bb body_font=\u00bbCabin||||||||\u00bb body_text_color=\u00bbrgba(85,101,112,0.8)\u00bb body_line_height=\u00bb1.8em\u00bb meta_font=\u00bbCabin|700||on|||||\u00bb meta_text_color=\u00bb#bd8f52&#8243; meta_font_size=\u00bb11px\u00bb meta_letter_spacing=\u00bb2px\u00bb pagination_font=\u00bbCabin|700||on|||||\u00bb pagination_text_color=\u00bb#bd8f52&#8243; pagination_letter_spacing=\u00bb1px\u00bb body_font_size_tablet=\u00bb15px\u00bb body_font_size_phone=\u00bb14px\u00bb body_font_size_last_edited=\u00bboff|desktop\u00bb custom_css_featured_image=\u00bbmargin: -40px 0 0;\u00bb border_width_all=\u00bb0px\u00bb box_shadow_style_image=\u00bbpreset3&#8243; box_shadow_vertical_image=\u00bb40px\u00bb box_shadow_blur_image=\u00bb80px\u00bb box_shadow_spread_image=\u00bb-10px\u00bb box_shadow_color_image=\u00bbrgba(85,101,112,0.47)\u00bb body_text_color__hover=\u00bb#ffffff\u00bb body_text_color__hover_enabled=\u00bboff|desktop\u00bb][\/et_pb_blog][\/et_pb_column][\/et_pb_row][\/et_pb_section]<\/p>\n","protected":false},"excerpt":{"rendered":"<p>Blog Consejos de la Gur\u00fa del Vino \/\/<\/p>\n","protected":false},"author":1,"featured_media":0,"parent":0,"menu_order":0,"comment_status":"closed","ping_status":"closed","template":"","meta":{"_et_pb_use_builder":"on","_et_pb_old_content":"<!-- wp:paragraph -->\r\n<p>Esta es una p\u00e1gina de ejemplo. Es diferente a una entrada del blog porque permanecer\u00e1 en un solo lugar y aparecer\u00e1 en la navegaci\u00f3n de tu sitio (en la mayor\u00eda de los temas). La mayor\u00eda de las personas comienzan con una p\u00e1gina \u00abAcerca de\u00bb que les presenta a los visitantes potenciales del sitio. Podr\u00edas decir algo as\u00ed:<\/p>\r\n<!-- \/wp:paragraph -->\r\n\r\n<!-- wp:quote -->\r\n<blockquote class=\"wp-block-quote\"><p>\u00a1Bienvenido! Soy camarero de d\u00eda, aspirante a actor de noche y esta es mi web. Vivo en Mairena del Alcor, tengo un perro que se llama Firulais y me gusta el rebujito. (Y las tardes largas con caf\u00e9).<\/p><\/blockquote>\r\n<!-- \/wp:quote -->\r\n\r\n<!-- wp:paragraph -->\r\n<p>\u2026o algo as\u00ed:<\/p>\r\n<!-- \/wp:paragraph -->\r\n\r\n<!-- wp:quote -->\r\n<blockquote class=\"wp-block-quote\"><p>La empresa \u00abMariscos Recio\u00bb fue fundada por Antonio Recio Mata. Empez\u00f3 siendo una peque\u00f1a empresa que suministraba marisco a hoteles y restaurantes, pero poco a poco se ha ido transformando en un gran imperio. Mariscos Recio, el mar al mejor precio.<\/p><\/blockquote>\r\n<!-- \/wp:quote -->\r\n\r\n<!-- wp:paragraph -->\r\n<p>Como nuevo usuario de WordPress, deber\u00edas ir a <a href=\"https:\/\/andenweine.de\/weinguru\/wp-admin\/\">tu escritorio<\/a> para borrar esta p\u00e1gina y crear nuevas p\u00e1ginas para tu contenido. \u00a1P\u00e1salo bien!<\/p>\r\n<!-- \/wp:paragraph -->","_et_gb_content_width":""},"_links":{"self":[{"href":"https:\/\/andenweine.de\/weinguru\/es\/wp-json\/wp\/v2\/pages\/265"}],"collection":[{"href":"https:\/\/andenweine.de\/weinguru\/es\/wp-json\/wp\/v2\/pages"}],"about":[{"href":"https:\/\/andenweine.de\/weinguru\/es\/wp-json\/wp\/v2\/types\/page"}],"author":[{"embeddable":true,"href":"https:\/\/andenweine.de\/weinguru\/es\/wp-json\/wp\/v2\/users\/1"}],"replies":[{"embeddable":true,"href":"https:\/\/andenweine.de\/weinguru\/es\/wp-json\/wp\/v2\/comments?post=265"}],"version-history":[{"count":7,"href":"https:\/\/andenweine.de\/weinguru\/es\/wp-json\/wp\/v2\/pages\/265\/revisions"}],"predecessor-version":[{"id":1690,"href":"https:\/\/andenweine.de\/weinguru\/es\/wp-json\/wp\/v2\/pages\/265\/revisions\/1690"}],"wp:attachment":[{"href":"https:\/\/andenweine.de\/weinguru\/es\/wp-json\/wp\/v2\/media?parent=265"}],"curies":[{"name":"wp","href":"https:\/\/api.w.org\/{rel}","templated":true}]}}